{"id":3,"date":"2022-08-29T08:20:37","date_gmt":"2022-08-29T08:20:37","guid":{"rendered":"https:\/\/politecnicomadeinitaly.it\/it\/?page_id=3"},"modified":"2023-04-26T13:17:32","modified_gmt":"2023-04-26T11:17:32","slug":"privacy-policy","status":"publish","type":"page","link":"https:\/\/politecnicomadeinitaly.it\/it\/privacy-policy\/","title":{"rendered":"Privacy Policy"},"content":{"rendered":"<div class=\"fusion-fullwidth fullwidth-box fusion-builder-row-1 fusion-flex-container nonhundred-percent-fullwidth non-hundred-percent-height-scrolling\" style=\"--awb-border-radius-top-left:0px;--awb-border-radius-top-right:0px;--awb-border-radius-bottom-right:0px;--awb-border-radius-bottom-left:0px;--awb-flex-wrap:wrap;\" ><div class=\"fusion-builder-row fusion-row fusion-flex-align-items-flex-start fusion-flex-content-wrap\" style=\"max-width:1331.2px;margin-left: calc(-4% \/ 2 );margin-right: calc(-4% \/ 2 );\"><div class=\"fusion-layout-column fusion_builder_column fusion-builder-column-0 fusion_builder_column_1_1 1_1 fusion-flex-column\" style=\"--awb-bg-size:cover;--awb-width-large:100%;--awb-margin-top-large:0px;--awb-spacing-right-large:1.92%;--awb-margin-bottom-large:0px;--awb-spacing-left-large:1.92%;--awb-width-medium:100%;--awb-spacing-right-medium:1.92%;--awb-spacing-left-medium:1.92%;--awb-width-small:100%;--awb-spacing-right-small:1.92%;--awb-spacing-left-small:1.92%;\"><div class=\"fusion-column-wrapper fusion-flex-justify-content-flex-start fusion-content-layout-column\"><div class=\"fusion-text fusion-text-1\"><h2 style=\"text-align: center;\">INFORMATIVA SULLA<br \/>PROTEZIONE DEI SUOI DATI PERSONALI<\/h2>\n<p style=\"line-height: 115%; font-size: 15px; font-family: 'Calibri',sans-serif; margin: 0cm;\"><strong><span style=\"font-size: 16px; line-height: 115%;\">                                                                                   <\/span><\/strong><\/p>\n<p style=\"line-height: 115%; font-size: 15px; font-family: 'Calibri',sans-serif; margin: 0cm;\"><strong><em><span style=\"font-size: 16px; line-height: 115%;\">Gentile Utente,<\/span><\/em><\/strong><\/p>\n<p style=\"line-height: 115%; font-size: 15px; font-family: 'Calibri',sans-serif; text-align: justify; margin: 0cm 0cm 10.0pt 0cm;\"><span style=\"font-size: 16px; line-height: 115%;\">desideriamo informarLa che il <strong><em>Regolamento europeo in materia di protezione dei dati personali<\/em><\/strong> (cd. GDPR, Regolamento UE n. 679\/2016) prevede la necessit\u00e0, per le organizzazioni in qualsiasi forma costituite, di rafforzare la tutela <strong>delle persone<\/strong>, che con esse si relazionano, <strong>proteggendo i loro dati personali sui quali \u00e8 necessario compiere operazioni in ragione della propria attivit\u00e0<\/strong>.<\/span><\/p>\n<p style=\"line-height: 115%; font-size: 15px; font-family: 'Calibri',sans-serif; text-align: justify; margin: 0cm 0cm 10.0pt 0cm;\"><span style=\"font-size: 16px; line-height: 115%;\">Ai sensi degli articoli 13, pertanto, <strong><u>Le forniamo le seguenti informazioni in modo che Lei possa essere a conoscenza dei dati che gestiamo, la finalit\u00e0 e, soprattutto, dei diritti che Lei pu\u00f2 esercitare in qualsiasi momento quando lo ritiene opportuno<\/u><\/strong>.<\/span><\/p>\n<p style=\"line-height: 115%; font-size: 15px; font-family: 'Calibri',sans-serif; text-align: justify; margin: 0cm 0cm 10.0pt 0cm;\"><strong><span style=\"font-size: 16px; line-height: 115%;\">1. Finalit\u00e0, base giuridica del trattamento cui sono destinati i dati<\/span><\/strong><\/p>\n<p style=\"line-height: 115%; font-size: 15px; font-family: 'Calibri',sans-serif; text-align: justify; margin: 0cm 0cm 6.0pt 14.2pt;\"><span style=\"font-size: 16px; line-height: 115%;\">Il trattamento dei dati personali comuni, nonch\u00e9 dei dati &#8220;particolari&#8221;, <\/span><strong><span style=\"font-size: 16px; line-height: 115%;\">\u00e8 finalizzato ad eseguire le prestazioni formative ed istituzionali necessarie all\u2019espletamento dei corsi erogati dall\u2019Organizzazione, nonch\u00e9 l\u2019acquisizione e il trattamento di richieste di informazioni effettuate tramite sistema telematico o dal modulo\/pagina \u201ccontatti\u201d del sito o tramite inoltro di mail o accessi telefonici.<\/span><\/strong><\/p>\n<p style=\"line-height: 115%; font-size: 15px; font-family: 'Calibri',sans-serif; text-align: justify; margin: 0cm 0cm 10.0pt 14.2pt;\"><span style=\"font-size: 16px; line-height: 115%;\">La base giuridica del trattamento \u00e8 rappresentata dall\u2019esecuzione del contratto, dall\u2019organizzazione dell\u2019istituto di formazione ovvero una finalit\u00e0 di interesse pubblico rilevante (<u>art. 9 par. 2 lettera d, GDPR<\/u>).<\/span><\/p>\n<p style=\"line-height: 115%; font-size: 15px; font-family: 'Calibri',sans-serif; text-align: justify; margin: 0cm 0cm 10.0pt 14.2pt;\"><span style=\"font-size: 16px; line-height: 115%;\">E\u2019 costituito dal consenso espresso da persona fisica, qualora sia richiesto di trattare dati ulteriori rispetto a quelli necessari che non rientra di fatto nel GDPR.<\/span><\/p>\n<p style=\"line-height: 115%; font-size: 15px; font-family: 'Calibri',sans-serif; text-align: justify; margin: 0cm 0cm 10.0pt 14.2pt;\"><span style=\"font-size: 16px; line-height: 115%;\">In particolare, i dati acquisiti servono a soddisfare l\u2019esecuzione del rapporto contrattuale, dunque:<\/span><\/p>\n<ol style=\"list-style-type: lower-alpha; margin-left: 40.2px;\" start=\"1\">\n<li><span style=\"line-height: 115%; font-family: Calibri;\">Consentire l\u2019iscrizione;<\/span><\/li>\n<li><span style=\"line-height: 115%; font-family: Calibri;\">Costruire le classi per l\u2019espletamento dei corsi;<\/span><\/li>\n<li><span style=\"line-height: 115%; font-family: Calibri;\">Consentire la pre-iscrizione e le attivit\u00e0 connesse;<\/span><\/li>\n<li><span style=\"line-height: 115%; font-family: Calibri;\">inoltrare di materiale informativo\/formativo:<\/span><\/li>\n<li><span style=\"line-height: 115%; font-family: Calibri;\">permettere la gestione delle rispettive anagrafiche utile a processare tutte le informazioni necessarie all\u2019espletamento dei corsi.<\/span><\/li>\n<\/ol>\n<p style=\"line-height: 115%; font-size: 15px; font-family: 'Calibri',sans-serif; text-align: justify; margin: 12.0pt 0cm 6.0pt 0cm;\"><strong><span style=\"font-size: 16px; line-height: 115%;\">2. Modalit\u00e0 del trattamento<\/span><\/strong><\/p>\n<p style=\"line-height: 115%; font-size: 15px; font-family: 'Calibri',sans-serif; text-align: justify; margin: 0cm 0cm 6.0pt 14.2pt;\"><span style=\"font-size: 16px; line-height: 115%;\">Le operazioni di trattamento sono attuate in modo da garantire la sicurezza logica, fisica e la riservatezza dei Suoi dati personali.<\/span><\/p>\n<p style=\"line-height: 115%; font-size: 15px; font-family: 'Calibri',sans-serif; text-align: justify; margin: 12.0pt 0cm 6.0pt 0cm;\"><strong><span style=\"font-size: 16px; line-height: 115%;\">3. Legittimi interessi perseguiti dal titolare del trattamento o da terzi<\/span><\/strong><\/p>\n<p style=\"line-height: 115%; font-size: 15px; font-family: 'Calibri',sans-serif; text-align: justify; margin: 0cm 0cm 10.0pt 14.2pt;\"><span style=\"font-size: 16px; line-height: 115%;\">Rispettare le disposizioni di leggi e regolamenti (nazionali e comunitari), eseguire un ordine di Autorit\u00e0 giudiziaria o di organismi di vigilanza ai quali il Titolare \u00e8 soggetto, Esercitare i diritti del Titolare, in particolare, quello di difesa in giudizio.<\/span><\/p>\n<p style=\"line-height: 115%; font-size: 15px; font-family: 'Calibri',sans-serif; text-align: justify; margin: 12.0pt 0cm 6.0pt 0cm;\"><strong><span style=\"font-size: 16px; line-height: 115%;\">4. Natura dei dati personali<\/span><\/strong><\/p>\n<p style=\"line-height: 115%; font-size: 15px; font-family: 'Calibri',sans-serif; text-align: justify; margin: 6.0pt 0cm 6.0pt 14.2pt;\"><span style=\"font-size: 16px; line-height: 115%;\">Costituiscono oggetto di trattamento i Suoi dati personali.<\/span><\/p>\n<p style=\"line-height: 115%; font-size: 15px; font-family: 'Calibri',sans-serif; text-align: justify; margin: 6.0pt 0cm 6.0pt 14.2pt;\"><span style=\"font-size: 16px; line-height: 115%;\">Il trattamento dei dati verr\u00e0 effettuato per le seguenti finalit\u00e0, senza consenso:<\/span><\/p>\n<ul style=\"list-style-type: disc; margin-left: 40.2px;\">\n<li><span style=\"font-family: Calibri;\">Screening richieste di pre-iscrizione;<\/span><\/li>\n<li><span style=\"font-family: Calibri;\">esercizio di tutte le attivit\u00e0 volte alla realizzazione del servizio oggetto del contratto;<\/span><\/li>\n<li><span style=\"font-family: Calibri;\">adempimenti di obblighi contabili e fiscali;<\/span><\/li>\n<li><span style=\"font-family: Calibri;\">adempimenti di obblighi previsti da legge, regolamento o dalla normativa comunitaria;<\/span><\/li>\n<\/ul>\n<p style=\"line-height: 115%; font-size: 15px; font-family: 'Calibri',sans-serif; text-align: justify; margin: 6.0pt 0cm 6.0pt 14.2pt;\"><span style=\"font-size: 16px; line-height: 115%;\">I Trattamenti non necessari ma funzionali al miglioramento delle nostre offerte:<\/span><\/p>\n<ul style=\"list-style-type: disc; margin-left: 40.2px;\">\n<li><span style=\"font-family: Calibri;\">rilevazioni del grado di soddisfacimento della clientela, dei corsi sulla qualit\u00e0 dei servizi forniti (anche attraverso soggetti terzi).<\/span><\/li>\n<li><span style=\"font-family: Calibri;\">attivit\u00e0 di redazione di offerte commerciali, contrattualistica alla base di servizi e\/o interattive e amministrative.<\/span><\/li>\n<li><span style=\"font-family: Calibri;\">attivit\u00e0 di marketing quali la segnalazione di offerte, con invio, anche tramite SMS, posta elettronica e\/o canali, telefonici, di materiale pubblicitario, informativo.<\/span><\/li>\n<\/ul>\n<p style=\"line-height: 115%; font-size: 15px; font-family: 'Calibri',sans-serif; text-align: justify; margin: 12.0pt 0cm 6.0pt 0cm;\"><strong><span style=\"font-size: 16px; line-height: 115%;\">5. Natura obbligatoria o facoltativa del conferimento<\/span><\/strong><\/p>\n<p style=\"line-height: 115%; font-size: 15px; font-family: 'Calibri',sans-serif; text-align: justify; margin: 0cm 0cm 10.0pt 14.2pt;\"><span style=\"font-size: 16px; line-height: 115%;\">Il conferimento dei Suoi dati personali (o quelli da Lei indicati in relazione agli ospiti su cui esercita potest\u00e0 genitoriale o tutela), ha natura obbligatoria, l\u2019eventuale rifiuto potrebbe rendere impossibile la prestazione formativa. <\/span><\/p>\n<p style=\"line-height: 115%; font-size: 15px; font-family: 'Calibri',sans-serif; text-align: justify; margin: 12.0pt 0cm 6.0pt 0cm;\"><strong><span style=\"font-size: 16px; line-height: 115%;\">6. Ambito di comunicazione e diffusione dei dati<\/span><\/strong><\/p>\n<p style=\"line-height: 115%; font-size: 15px; font-family: 'Calibri',sans-serif; text-align: justify; margin: 0cm 0cm 6.0pt 14.2pt;\"><span style=\"font-size: 16px; line-height: 115%;\">I Suoi dati potranno essere comunicati a: <\/span><\/p>\n<ul style=\"list-style-type: disc; margin-left: 40.2px;\">\n<li><span style=\"font-family: Calibri;\">ai nostri collaboratori, dipendenti, nell&#8217;ambito delle relative mansioni.<\/span><\/li>\n<li><span style=\"font-family: Calibri;\">a tutte quelle persone fisiche e\/o giuridiche, pubbliche e\/o private quando la comunicazione risulti necessaria o funzionale allo svolgimento della nostra attivit\u00e0 e nei modi e per le finalit\u00e0 sopra illustrate (P.e.: Regione Puglia)<\/span><\/li>\n<\/ul>\n<p style=\"line-height: 115%; font-size: 15px; font-family: 'Calibri',sans-serif; text-align: justify; margin: 12.0pt 0cm 6.0pt 0cm;\"><strong><span style=\"font-size: 16px; line-height: 115%;\">7. Trasferimento dati personali a un Paese terzo<\/span><\/strong><\/p>\n<p style=\"line-height: 115%; font-size: 15px; font-family: 'Calibri',sans-serif; text-align: justify; margin: 0cm 0cm 10.0pt 14.2pt;\"><span style=\"font-size: 16px; line-height: 115%;\">I dati non vengono trasferiti verso Paesi dell\u2019Unione Europea e verso Paesi Terzi rispetto all\u2019Unione Europea nell\u2019ambito delle finalit\u00e0 indicate nel punto 1.<\/span><\/p>\n<p style=\"line-height: 115%; font-size: 15px; font-family: 'Calibri',sans-serif; text-align: justify; margin: 12.0pt 0cm 6.0pt 0cm;\"><strong><span style=\"font-size: 16px; line-height: 115%;\">8. Modalit\u00e0 e durata conservazione dei dati personali<\/span><\/strong><\/p>\n<p style=\"line-height: 115%; font-size: 15px; font-family: 'Calibri',sans-serif; text-align: justify; margin: 0cm 0cm 0cm 14.2pt;\"><span style=\"font-size: 16px; line-height: 115%;\">Il trattamento dei Suoi dati personali (o quelli da Lei indicati in relazione agli ospiti su cui esercita potest\u00e0  genitoriale o tutela) \u00e8 realizzato, anche con l\u2019ausilio di mezzi elettronici, per mezzo delle operazioni indicate all\u2019art. 4 Codice e all\u2019art. 4 n. 2) GDPR e precisamente: il trattamento dei dati personali potr\u00e0 consistere nella raccolta, registrazione, organizzazione, consultazione, elaborazione, modificazione, selezione, estrazione, raffronto, utilizzo, interconnessione, blocco, comunicazione, cancellazione e distruzione dei dati.<\/span><\/p>\n<p style=\"line-height: 115%; font-size: 15px; font-family: 'Calibri',sans-serif; text-align: justify; margin: 0cm 0cm 0cm 14.2pt;\"><span style=\"font-size: 16px; line-height: 115%;\">I dati saranno conservati nei tempi previsti dalla legge, in funzione del dato trattato.<\/span><\/p>\n<p style=\"line-height: 115%; font-size: 15px; font-family: 'Calibri',sans-serif; text-align: justify; margin: 0cm 0cm 0cm 14.2pt;\"><span style=\"font-size: 16px; line-height: 115%;\">I dati trattati ai fini di marketing sono conservati fino a recesso dell\u2019interessato (entro 15 giorni).<\/span><\/p>\n<p style=\"line-height: 115%; font-size: 15px; font-family: 'Calibri',sans-serif; text-align: justify; margin: 12.0pt 0cm 6.0pt 0cm;\"><strong><span style=\"font-size: 16px; line-height: 115%;\">9. Estremi identificativi del titolare, responsabili e del DPO<\/span><\/strong><\/p>\n<p style=\"line-height: 115%; font-size: 15px; font-family: 'Calibri',sans-serif; text-align: justify; margin: 0cm 0cm 6.0pt 14.2pt;\"><strong><em><span style=\"font-size: 16px; line-height: 115%;\">Titolare trattamento dati<\/span><\/em><\/strong><\/p>\n<p style=\"line-height: 115%; font-size: 15px; font-family: 'Calibri',sans-serif; text-align: justify; margin: 0cm 0cm 0cm 14.2pt;\"><strong><u><span style=\"font-size: 16px; line-height: 115%;\">Politecnico del Made in Italy SCARL<\/span><\/u><\/strong><\/p>\n<p style=\"line-height: 115%; font-size: 15px; font-family: 'Calibri',sans-serif; text-align: justify; margin: 0cm 0cm 0cm 14.2pt;\"><strong><em><span style=\"font-size: 16px; line-height: 115%;\">Via Antonio Filograna, 1340<\/span><\/em><\/strong><\/p>\n<p style=\"line-height: 115%; font-size: 15px; font-family: 'Calibri',sans-serif; text-align: justify; margin: 0cm 0cm 0cm 14.2pt;\"><strong><em><span style=\"font-size: 16px; line-height: 115%;\">73042 Casarano (LE)<\/span><\/em><\/strong><\/p>\n<p style=\"line-height: 115%; font-size: 15px; font-family: 'Calibri',sans-serif; text-align: justify; margin: 0cm 0cm 0cm 14.2pt;\"><strong><em><span style=\"font-size: 16px; line-height: 115%;\">Mail: info@politecnicomadeinitaly.it<\/span><\/em><\/strong><\/p>\n<p style=\"line-height: 115%; font-size: 15px; font-family: 'Calibri',sans-serif; text-align: justify; margin: 0cm 0cm 0cm 14.2pt;\"><strong><em><span style=\"font-size: 16px; line-height: 115%;\"> <\/span><\/em><\/strong><\/p>\n<table style=\"border: none; width: 481.9pt; background: white; border-collapse: collapse;\">\n<tbody>\n<tr>\n<td style=\"width: 481.9pt; padding: 0cm; vertical-align: top;\"><\/td>\n<\/tr>\n<\/tbody>\n<\/table>\n<p style=\"line-height: 115%; font-size: 15px; font-family: 'Calibri',sans-serif; text-align: justify; margin: 0cm 0cm 0cm 14.2pt;\"><span style=\"font-size: 16px; line-height: 115%;\">L\u2019elenco degli incaricati e dei Responsabili per la protezione dei dati personali pu\u00f2 essere chiesto contattando il titolare e indicando lo specifico trattamento.<\/span><\/p>\n<p style=\"line-height: 115%; font-size: 15px; font-family: 'Calibri',sans-serif; text-align: justify; margin: 12.0pt 0cm 6.0pt 0cm;\"><strong><span style=\"font-size: 16px; line-height: 115%;\">10. Diritti dell\u2019interessato<\/span><\/strong><\/p>\n<p style=\"line-height: 115%; font-size: 15px; font-family: 'Calibri',sans-serif; text-align: justify; text-indent: 14.2pt; margin: 12.0pt 0cm 6.0pt 0cm;\"><strong><span style=\"font-size: 16px; line-height: 115%;\">10.1 <u>DIRITTO DI ACCESSO E DI RETTIFICA<\/u> (art. 15 e 16 GDPR) <\/span><\/strong><\/p>\n<p style=\"line-height: 115%; font-size: 15px; font-family: 'Calibri',sans-serif; text-align: justify; margin: 0cm 0cm 10.0pt 35.4pt;\"><span style=\"font-size: 16px; line-height: 115%;\">L&#8217;interessato ha il diritto di ottenere dal titolare del trattamento la conferma che sia o meno in corso un trattamento di dati personali che lo riguardano e in tal caso, di ottenere l&#8217;accesso ai dati personali e alle seguenti informazioni:<\/span><\/p>\n<ul class=\"decimal_type\" style=\"list-style-type: disc; margin-left: 62px;\">\n<li><span style=\"font-size: 12.0pt;\">le finalit\u00e0 del trattamento.<\/span><\/li>\n<li><span style=\"font-size: 12.0pt;\">le categorie di dati personali in questione.<\/span><\/li>\n<li><span style=\"font-size: 12.0pt;\">i destinatari o le categorie di destinatari a cui i dati personali sono stati o saranno comunicati, in particolare se destinatari di paesi terzi o organizzazioni internazionali.<\/span><\/li>\n<li><span style=\"font-size: 12.0pt;\">il periodo di conservazione dei dati personali previsto oppure, se non \u00e8 possibile, i criteri utilizzati per determinare tale periodo.<\/span><\/li>\n<li><span style=\"font-size: 12.0pt;\">l&#8217;esistenza del diritto dell&#8217;interessato di chiedere al titolare del trattamento la rettifica o la cancellazione dei dati personali o la limitazione del trattamento dei dati personali che lo riguardano o di opporsi al loro trattamento;<\/span><\/li>\n<li><span style=\"font-size: 12.0pt;\">il diritto di proporre reclamo a un&#8217;autorit\u00e0 di controllo.<\/span><\/li>\n<li><span style=\"font-size: 12.0pt;\">l&#8217;esistenza di un processo decisionale automatizzato, compresa la profilazione e, almeno in tali casi, informazioni significative sulla logica utilizzata, nonch\u00e9 l&#8217;importanza e le conseguenze previste di tale trattamento per l&#8217;interessato.<\/span><\/li>\n<\/ul>\n<p style=\"line-height: 115%; font-size: 15px; font-family: 'Calibri',sans-serif; text-align: justify; text-indent: 14.2pt; margin: 12.0pt 0cm 6.0pt 0cm;\"><strong><span style=\"font-size: 16px; line-height: 115%;\">10.2 <u>DIRITTO ALLA CANCELLAZIONE DEI DATI (DIRITTO ALL\u2019OBLIO)<\/u> (art. 17 GDPR) <\/span><\/strong><\/p>\n<p style=\"line-height: 115%; font-size: 15px; font-family: 'Calibri',sans-serif; text-align: justify; margin: 0cm 0cm 10.0pt 32.2pt;\"><span style=\"font-size: 16px; line-height: 115%;\">L&#8217;interessato ha il diritto di ottenere dal titolare del trattamento la cancellazione dei dati personali che lo riguardano (o quelli dallo stesso indicati in relazione agli ospiti su cui esercita potest\u00e0 genitoriale o tutela) senza ingiustificato ritardo e il titolare del trattamento ha l&#8217;obbligo di cancellare senza ingiustificato ritardo i dati personali, se sussiste uno dei motivi seguenti:<\/span><\/p>\n<ul class=\"decimal_type\" style=\"list-style-type: disc; margin-left: 57.650000000000006px;\">\n<li><span style=\"font-size: 12.0pt;\">i dati personali non sono pi\u00f9 necessari rispetto alle finalit\u00e0 per le quali sono stati raccolti o altrimenti trattati.<\/span><\/li>\n<li><span style=\"font-size: 12.0pt;\">l&#8217;interessato revoca il consenso su cui si basa il trattamento conformemente all&#8217;articolo 6, paragrafo 1, lettera a), o all&#8217;articolo 9, paragrafo 2, lettera a), e se non sussiste altro fondamento giuridico per il trattamento.<\/span><\/li>\n<li><span style=\"font-size: 12.0pt;\">l&#8217;interessato si oppone al trattamento ai sensi dell&#8217;articolo 21, paragrafo 1, e non sussiste alcun motivo legittimo prevalente per procedere al trattamento, oppure si oppone al trattamento ai sensi dell&#8217;articolo 21, paragrafo 2.<\/span><\/li>\n<li><span style=\"font-size: 12.0pt;\">i dati personali sono stati trattati illecitamente.<\/span><\/li>\n<li><span style=\"font-size: 12.0pt;\">i dati personali devono essere cancellati per adempiere un obbligo legale previsto dal diritto dell&#8217;Unione o dello Stato membro cui \u00e8 soggetto il titolare del trattamento.<\/span><\/li>\n<li><span style=\"font-size: 12.0pt;\">i dati personali sono stati raccolti relativamente all&#8217;offerta di servizi della societ\u00e0 dell&#8217;informazione di cui all&#8217;articolo 8, paragrafo 1 del Reg. UE 2016\/679.<\/span><\/li>\n<\/ul>\n<p style=\"line-height: 115%; font-size: 15px; font-family: 'Calibri',sans-serif; text-align: justify; text-indent: 14.2pt; margin: 12.0pt 0cm 6.0pt 0cm;\"><strong><span style=\"font-size: 16px; line-height: 115%;\">10.3 <u>DIRITTO ALLA LIMITAZIONE DEL TRATTAMENTO<\/u> (art. 18 GDPR) <\/span><\/strong><\/p>\n<p style=\"line-height: 115%; font-size: 15px; font-family: 'Calibri',sans-serif; text-align: justify; margin: 0cm 0cm 10.0pt 32.2pt;\"><span style=\"font-size: 16px; line-height: 115%;\">L&#8217;interessato ha il diritto di ottenere dal titolare del trattamento la limitazione del trattamento quando ricorre una delle seguenti ipotesi:<\/span><\/p>\n<ul class=\"decimal_type\" style=\"list-style-type: disc; margin-left: 61.400000000000006px;\">\n<li><span style=\"font-size: 12.0pt;\">l&#8217;interessato contesta l&#8217;esattezza dei dati personali, per il periodo necessario al titolare del trattamento per verificare l&#8217;esattezza di tali dati personali.<\/span><\/li>\n<li><span style=\"font-size: 12.0pt;\">il trattamento \u00e8 illecito e l&#8217;interessato si oppone alla cancellazione dei dati personali e chiede invece che ne sia limitato l&#8217;utilizzo.<\/span><\/li>\n<li><span style=\"font-size: 12.0pt;\">bench\u00e9 il titolare del trattamento non ne abbia pi\u00f9 bisogno ai fini del trattamento, i dati personali sono necessari all&#8217;interessato per l&#8217;accertamento, l&#8217;esercizio o la difesa di un diritto in sede giudiziaria.<\/span><\/li>\n<li><span style=\"font-size: 12.0pt;\">l&#8217;interessato si \u00e8 opposto al trattamento ai sensi dell&#8217;articolo 21, paragrafo 1, Reg UE 2016\/679 in attesa della verifica in merito all&#8217;eventuale prevalenza dei motivi legittimi del titolare del trattamento rispetto a quelli dell&#8217;interessato.<\/span><\/li>\n<\/ul>\n<p style=\"line-height: 115%; font-size: 15px; font-family: 'Calibri',sans-serif; text-align: justify; text-indent: 14.2pt; margin: 12.0pt 0cm 6.0pt 0cm;\"><strong><span style=\"font-size: 16px; line-height: 115%;\">10.4 <u>DIRITTO ALLA PORTABILITA\u2019 DEI DATI <\/u>(art. 20 GDPR)<\/span><\/strong><\/p>\n<p style=\"line-height: 115%; font-size: 15px; font-family: 'Calibri',sans-serif; text-align: justify; margin: 0cm 0cm 10.0pt 35.4pt;\"><span style=\"font-size: 16px; line-height: 115%;\">L&#8217;interessato ha il diritto di ricevere in un formato strutturato, di uso comune e leggibile da dispositivo automatico i dati personali che lo riguardano forniti a un titolare del trattamento e ha il diritto di trasmettere tali dati a un altro titolare del trattamento senza impedimenti da parte del titolare del trattamento.<\/span><\/p>\n<p style=\"line-height: 115%; font-size: 15px; font-family: 'Calibri',sans-serif; text-align: justify; margin: 12.0pt 0cm 6.0pt 0cm;\"><strong><span style=\"font-size: 16px; line-height: 115%;\">11. Revoca del consenso al trattamento ed esercizio dei diritti<\/span><\/strong><\/p>\n<p style=\"line-height: 115%; font-size: 15px; font-family: 'Calibri',sans-serif; text-align: justify; margin: 0cm 0cm 0cm 14.2pt;\"><span style=\"font-size: 16px; line-height: 115%;\">Le \u00e8 riconosciuta la facolt\u00e0 di revocare il consenso al trattamento dei Suoi dati personali, inviando una raccomandata A\/R all\u2019indirizzo:<\/span><strong><span style=\"font-size: 16px; line-height: 115%;\"> <\/span><\/strong><strong><u><span style=\"font-size: 16px; line-height: 115%;\">Politecnico del Made in Italy SCARL<\/span><\/u><em>., Via Antonio Filograna, 1340, 73042 Casarano (LE), mail:<\/em><\/strong> <strong><em>info@politecnicomadeinitaly.it, <\/em><\/strong><span style=\"font-size: 16px; line-height: 115%;\">allegando una fotocopia del suo documento di identit\u00e0, con il seguente testo: &lt;&lt;<strong><em>revoca del consenso al trattamento di tutti i miei dati personali<\/em><\/strong>&gt;&gt;. Al termine di questa operazione i Suoi dati personali saranno rimossi dagli archivi nel pi\u00f9 breve tempo possibile.<\/span><\/p>\n<p style=\"line-height: 115%; font-size: 15px; font-family: 'Calibri',sans-serif; text-align: justify; margin: 0cm 0cm 0cm 14.2pt;\"><span style=\"font-size: 16px; line-height: 115%;\">Se desidera avere maggiori informazioni sul trattamento dei Suoi dati personali, ovvero esercitare i diritti di cui al precedente punto 10, pu\u00f2 inviare una raccomandata A\/R all\u2019indirizzo:<strong> <\/strong><\/span><strong><em>Politecnico del Made in Italy SCARL, Via Antonio Filograna, 1340, 73042 Casarano (LE), mail: info@politecnicomadeinitaly.it<\/em><\/strong><span style=\"font-size: 16px; line-height: 115%;\">.<\/span><\/p>\n<p style=\"line-height: 115%; font-size: 15px; font-family: 'Calibri',sans-serif; text-align: justify; margin: 0cm 0cm 0cm 14.2pt;\"><span style=\"font-size: 16px; line-height: 115%;\">Prima di poterle fornire, o modificare qualsiasi informazione, potrebbe essere necessario verificare la Sua identit\u00e0 e rispondere ad alcune domande. Una risposta sar\u00e0 fornita al pi\u00f9 presto<\/span><span style=\"font-size: 16px; line-height: 115%;\">.<\/span><\/p>\n<\/div><\/div><\/div><\/div><\/div>\n","protected":false},"excerpt":{"rendered":"","protected":false},"author":1,"featured_media":0,"parent":0,"menu_order":0,"comment_status":"closed","ping_status":"open","template":"","meta":{"_acf_changed":false,"footnotes":""},"class_list":["post-3","page","type-page","status-publish","hentry"],"acf":[],"_links":{"self":[{"href":"https:\/\/politecnicomadeinitaly.it\/it\/wp-json\/wp\/v2\/pages\/3","targetHints":{"allow":["GET"]}}],"collection":[{"href":"https:\/\/politecnicomadeinitaly.it\/it\/wp-json\/wp\/v2\/pages"}],"about":[{"href":"https:\/\/politecnicomadeinitaly.it\/it\/wp-json\/wp\/v2\/types\/page"}],"author":[{"embeddable":true,"href":"https:\/\/politecnicomadeinitaly.it\/it\/wp-json\/wp\/v2\/users\/1"}],"replies":[{"embeddable":true,"href":"https:\/\/politecnicomadeinitaly.it\/it\/wp-json\/wp\/v2\/comments?post=3"}],"version-history":[{"count":1,"href":"https:\/\/politecnicomadeinitaly.it\/it\/wp-json\/wp\/v2\/pages\/3\/revisions"}],"predecessor-version":[{"id":2180,"href":"https:\/\/politecnicomadeinitaly.it\/it\/wp-json\/wp\/v2\/pages\/3\/revisions\/2180"}],"wp:attachment":[{"href":"https:\/\/politecnicomadeinitaly.it\/it\/wp-json\/wp\/v2\/media?parent=3"}],"curies":[{"name":"wp","href":"https:\/\/api.w.org\/{rel}","templated":true}]}}